{"id":35245,"date":"2025-12-03T13:49:43","date_gmt":"2025-12-03T13:49:43","guid":{"rendered":"https:\/\/www.forumdanca.pt\/?page_id=35245"},"modified":"2026-02-23T11:02:35","modified_gmt":"2026-02-23T11:02:35","slug":"angela-guerreiro","status":"publish","type":"page","link":"https:\/\/www.forumdanca.pt\/en\/angela-guerreiro\/","title":{"rendered":"Academic Research"},"content":{"rendered":"<div class=\"wpb-content-wrapper\"><p>[vc_row row_type=&#8221;row&#8221; use_row_as_full_screen_section=&#8221;no&#8221; type=&#8221;full_width&#8221; text_align=&#8221;left&#8221; background_animation=&#8221;none&#8221; css_animation=&#8221;&#8221;][vc_column][vc_column_text css=&#8221;&#8221;]<\/p>\n<div class=\"wpb_text_column wpb_content_element \">\n<div class=\"wpb_wrapper\">\n<h2>New axis of action<\/h2>\n<\/div>\n<\/div>\n<p>[\/vc_column_text][vc_empty_space][\/vc_column][\/vc_row][vc_row row_type=&#8221;row&#8221; use_row_as_full_screen_section=&#8221;no&#8221; type=&#8221;full_width&#8221; text_align=&#8221;left&#8221; background_animation=&#8221;none&#8221; css_animation=&#8221;&#8221;][vc_column][vc_column_text css=&#8221;&#8221;]Since the 2024\/2025 academic year, Forum Dan\u00e7a has been hosting, as a non-academic structure, the research project of choreographer, performer, and curator Angela Guerreiro, a doctoral student in the Post-Colonialism and Global Citizenship program at the Center for Social Studies at the University of Coimbra (CES). Her research is entitled \u201cWhere are the black bodies dancing?\u201d Cartographies of the black body in Portuguese contemporary dance 1980\u20132010. The work includes research and dissemination activities, to be communicated in due course.[\/vc_column_text][\/vc_column][\/vc_row][vc_row row_type=&#8221;row&#8221; use_row_as_full_screen_section=&#8221;no&#8221; type=&#8221;full_width&#8221; text_align=&#8221;left&#8221; background_animation=&#8221;none&#8221; css_animation=&#8221;&#8221;][vc_column][vc_empty_space height=&#8221;40px&#8221;][vc_column_text css=&#8221;&#8221;]<\/p>\n<h3><strong>Angela Guerreiro<\/strong><\/h3>\n<p>[\/vc_column_text][vc_empty_space height=&#8221;20px&#8221;][vc_accordion active_tab=&#8221;false&#8221; collapsible=&#8221;yes&#8221; style=&#8221;boxed_accordion&#8221;][vc_accordion_tab title=&#8221;Biografia&#8221; title_color=&#8221;#000000&#8243; background_color=&#8221;#eeeeee&#8221;][vc_column_text css=&#8221;.vc_custom_1765376271348{padding-left: 25px !important;}&#8221;]Angela Guerreiro<\/p>\n<p>Choreographer, Performer, Mentor, Festival Curator and Producer, Movement and Dance Therapist (MA), Dynamic Embodiment Practitioner (DEP), and Registered Somatic Movement Educator (RSME-ISMETA).<\/p>\n<p>PhD candidate in Post-Colonialism and Global Citizenship at the Center for Social Studies at the University of Coimbra. Scholarship recipient from the Foundation for Science and Technology.<\/p>\n<p>Phone\u00a0(PT): +351 912950187<\/p>\n<p>E-mail: <a href=\"mailto:angelaguerreiro@ces.uc.pt\">angelaguerreiro@ces.uc.pt<\/a><\/p>\n<p><a href=\"https:\/\/www.ces.uc.pt\/en\/ces\/pessoas\/doutorandas-os\/angela-guerreiro\">https:\/\/www.ces.uc.pt\/en\/ces\/pessoas\/doutorandas-os\/angela-guerreiro<\/a><\/p>\n<p><a href=\"http:\/\/www.angelaguerreiro.de\">www.angelaguerreiro.de<\/a>[\/vc_column_text][\/vc_accordion_tab][\/vc_accordion][vc_empty_space height=&#8221;60px&#8221;][\/vc_column][\/vc_row][vc_row row_type=&#8221;row&#8221; use_row_as_full_screen_section=&#8221;no&#8221; type=&#8221;full_width&#8221; text_align=&#8221;left&#8221; background_animation=&#8221;none&#8221; css_animation=&#8221;&#8221;][vc_column][vc_column_text css=&#8221;&#8221;]<\/p>\n<h3><strong>Support<\/strong><\/h3>\n<p>Funda\u00e7\u00e3o para Ci\u00eancia e Tecnologia, Centro de Estudos Sociais de Coimbra da Universidade de Coimbra, Universidade de Coimbra[\/vc_column_text][vc_empty_space height=&#8221;40px&#8221;][vc_row_inner row_type=&#8221;row&#8221; type=&#8221;full_width&#8221; use_row_as_full_screen_section_slide=&#8221;no&#8221; text_align=&#8221;left&#8221; css_animation=&#8221;&#8221;][vc_column_inner][vc_single_image image=&#8221;35277&#8243; img_size=&#8221;&#8221; css=&#8221;&#8221; qode_css_animation=&#8221;&#8221;][\/vc_column_inner][\/vc_row_inner][vc_empty_space height=&#8221;80px&#8221;][\/vc_column][\/vc_row][vc_row row_type=&#8221;row&#8221; use_row_as_full_screen_section=&#8221;no&#8221; type=&#8221;full_width&#8221; text_align=&#8221;left&#8221; background_animation=&#8221;none&#8221; css_animation=&#8221;&#8221;][vc_column offset=&#8221;vc_hidden-lg vc_hidden-md vc_hidden-sm vc_hidden-xs&#8221;][vc_column_text]<\/p>\n<h3><strong>Plataformas de investiga\u00e7\u00e3o<\/strong><\/h3>\n<p>[\/vc_column_text][vc_empty_space height=&#8221;20px&#8221;][vc_column_text]Estas plataformas de investiga\u00e7\u00e3o resultam de m\u00faltiplas experi\u00eancias, conversas e trocas com diversas pessoas ao longo dos anos, de onde se destacam, entre outras, o David-Alexandre Gu\u00e9niot, o Rui Catal\u00e3o, o Joris Lacoste, a Fernanda Eug\u00e9nio, a Cl\u00e1udia Dias, a M\u00e1rcia Lan\u00e7a, o Daniel Pizamiglio ou a Carolina Campos. Tal como s\u00e3o enquadradas aqui, ficam a dever sobretudo a uma sess\u00e3o intensiva de trabalho no in\u00edcio de 2023 entre Jo\u00e3o Fiadeiro, Ant\u00f3nio Alvarenga, Liliana Coutinho, Paula Casp\u00e3o e Alice Godfroy (artistas, curadores e pensadores que conhecem de forma profunda o trabalho de Fiadeiro), que se reuniram para reflectir, de forma aberta, sobre modos de estudar, transmitir e pensar a cria\u00e7\u00e3o a partir do enquadramento oferecido pela Composi\u00e7\u00e3o em Tempo Real.[\/vc_column_text][vc_empty_space height=&#8221;20px&#8221;][vc_accordion active_tab=&#8221;false&#8221; collapsible=&#8221;yes&#8221; style=&#8221;boxed_accordion&#8221;][vc_accordion_tab title=&#8221;etc.ctr.et al&#8221; title_color=&#8221;#000000&#8243; background_color=&#8221;#eeeeee&#8221;][vc_column_text css=&#8221;.vc_custom_1689013271674{padding-left: 25px !important;}&#8221;]<\/p>\n<h4><strong>Estudo, Transmiss\u00e3o e Cria\u00e7\u00e3o na Composi\u00e7\u00e3o em Tempo Real e outras pr\u00e1ticas afins<\/strong><\/h4>\n<p>&nbsp;<\/p>\n<p>\u201cetc\u201d \u00e9 um acr\u00f4nimo para \u201cestudo, transmiss\u00e3o e cria\u00e7\u00e3o\u201d, mas tamb\u00e9m pode ser entendido como a abrevia\u00e7\u00e3o da express\u00e3o latina \u201cet cetera\u201d, onde et corresponde \u00e0 conjun\u00e7\u00e3o \u201ce\u201d, e cetera corresponde a &#8220;o resto&#8221;. A sigla \u201cctr\u201d \u00e9 o acr\u00f4nimo para \u201ccomposi\u00e7\u00e3o em tempo real\u201d e \u201cet al\u201d significa &#8220;entre outros&#8221;.<\/p>\n<p>&nbsp;<\/p>\n<p>Est\u00e1 no pr\u00f3prio nome deste centro de estudos o modo como a \u201ccabe\u00e7a\u201d da Composi\u00e7\u00e3o em Tempo Real funciona: nada \u00e9 (s\u00f3) o que parece. Tudo se espalha, se mistura, se atravessa. H\u00e1 sempre m\u00faltiplas dire\u00e7\u00f5es por detr\u00e1s (por baixo, pela frente e pelos lados) dos sentidos que damos \u00e0s coisas. A experi\u00eancia \u00e9, \u201cpor defeito\u201d, obl\u00edqua, desequilibrada e ca\u00f3tica. Na tentativa desesperada de a domesticar corremos o risco de ser bem sucedidos e desenvolver a falsa sensa\u00e7\u00e3o de controlo e seguran\u00e7a que nos pode insensibilizar e anestesiar.<\/p>\n<p>&nbsp;<\/p>\n<blockquote>\n<p style=\"padding-left: 80px;\">JF: (&#8230;) se extrairmos o \u201csaber\u201d ou o \u201ch\u00e1bito\u201d daquilo a que chamamos de \u201dacontecimento\u201d, o que fica s\u00e3o ritmos e vibra\u00e7\u00f5es. Ser\u00e1 muito por a\u00ed que um beb\u00e9 se relaciona com o mundo. Eles v\u00eam umas manchas, ouvem uns sons, sentem umas temperaturas\u2026 as coisas aparecem e desaparecem\u2026 h\u00e1 uns ritmos, umas vibra\u00e7\u00f5es\u2026 (&#8230;) Antes de cairmos nesta ilus\u00e3o de que controlamos o tempo, o espa\u00e7o ou a imagina\u00e7\u00e3o, o que havia era isso: ritmos e vibra\u00e7\u00f5es. Depois, quando a crian\u00e7a percebe que, por exemplo, um objeto com a forma de cadeira tem a palavra \u201ccadeira\u201d associada, ent\u00e3o pode dizer: \u201ccadeira\u201d. Quem estiver por perto acha que ele se quer sentar e d\u00e3o-lhe a cadeira. Se a crian\u00e7a se sentar, est\u00e1 tudo perdido (risos). Se pegar na cadeira e coloc\u00e1-la na cabe\u00e7a ou se se enfiar dentro dela, ainda h\u00e1 esperan\u00e7a (mais risos)\u2026 porque embora tenha \u201cjogado o jogo do saber\u201d ao chamar a cadeira de \u201ccadeira\u201d, na verdade s\u00f3 estava a chamar a aten\u00e7\u00e3o para um objeto \u201cqualquer\u201d para poder explorar outras pot\u00eancias que a \u201ccoisa\u201d tem.<\/p>\n<p style=\"padding-left: 80px;\">LC: A pot\u00eancia de podermos vir a identificar e a relacionar\u2026<\/p>\n<p style=\"padding-left: 80px;\">JF: Sim, a relacionar, a explorar. \u00c9 essa explora\u00e7\u00e3o que possibilita adiar \u201co saber\u201d. Sabemos que a aprendizagem \u00e9 algo que acontece por repeti\u00e7\u00e3o e insist\u00eancia\u2026 n\u00e3o primeiras vezes ainda te queimas a explorar com o fogo, depois j\u00e1 n\u00e3o. Os mapas neuronais v\u00e3o-se \u201cespecializando\u201d e criando padr\u00f5es. O mundo deixa de ser t\u00e3o perigoso mas ao mesmo tempo deixa-se de explorar e descobrir novas rela\u00e7\u00f5es. O que eu fa\u00e7o, na minha pr\u00e1tica laboratorial enquanto artista e investigador, n\u00e3o ser\u00e1 mais do que encontrar modos de desativar \u201cartificialmente\u201d o que me faz saber de forma pr\u00e9via (a cultura, a mem\u00f3ria, a linguagem\u2026), de maneira a estar dispon\u00edvel para os ritmos e as vibra\u00e7\u00f5es que nos rodeiam, que sempre l\u00e1 estiveram, mas perante as quais desenvolvemos uma esp\u00e9cie de cegueira.<sup>[5]<\/sup><\/p>\n<\/blockquote>\n<p>&nbsp;<\/p>\n<hr \/>\n<p><span style=\"font-size: 12px;\"><sup>[5]<\/sup> Excerto de conversa ainda n\u00e3o publicada entre Jo\u00e3o Fiadeiro e Liliana Coutinho, investigadora, curadora e profunda conhecedora da hist\u00f3ria e trajet\u00f3ria de Jo\u00e3o Fiadeiro.<\/span>[\/vc_column_text][vc_empty_space height=&#8221;80px&#8221;][vc_column_text css=&#8221;.vc_custom_1687523468705{padding-left: 25px !important;}&#8221;]<\/p>\n<h4 style=\"font-weight: 400;\"><strong>Programa\u00e7\u00e3o<\/strong><\/h4>\n<p>&nbsp;<\/p>\n<p style=\"font-weight: 400;\">A programa\u00e7\u00e3o do <strong>etc.ctr.et al<\/strong> ser\u00e1 desenvolvida lentamente ao longo de 2023 e ser\u00e1 lan\u00e7ada no primeiro trimestre de 2024.<\/p>\n<p style=\"font-weight: 400;\">Contar\u00e1 com um conjunto de atividades que atravessar\u00e3o modos e planos de rela\u00e7\u00e3o distintos com a Composi\u00e7\u00e3o em Tempo Real. Alguns mais duracionais e imersivos; outros mais concentrados e intensivos; outros ainda mais pontuais e descomprometidos. Algumas propostas ter\u00e3o em mente artistas que se interessem por processos de improvisa\u00e7\u00e3o, outras por processos de composi\u00e7\u00e3o, e outras ainda pelo \u201cestudo do estudo\u201d em si.<\/p>\n<p>[\/vc_column_text][vc_empty_space height=&#8221;80px&#8221;][vc_column_text css=&#8221;.vc_custom_1687523475156{padding-left: 25px !important;}&#8221;]<\/p>\n<h4 style=\"font-weight: 400;\"><strong>Workshops de ver\u00e3o<\/strong><\/h4>\n<p>&nbsp;<\/p>\n<p>A abrir a sua actividade piloto, nas duas \u00faltimas semanas de agosto de 2023, o <strong>etc.ctr.et al<\/strong> organizar\u00e1 dois workshops de Composi\u00e7\u00e3o em Tempo Real orientados por Jo\u00e3o Fiadeiro.[\/vc_column_text][vc_empty_space height=&#8221;20px&#8221;][vc_column_text css=&#8221;.vc_custom_1689012776439{padding-left: 50px !important;}&#8221;]<strong>Workshop I &#8211;\u00a0<\/strong><strong>Introdu\u00e7\u00e3o \u00e0 pr\u00e1tica da Composi\u00e7\u00e3o em Tempo Real<br \/>\n<\/strong>21 a 25 de agosto<\/p>\n<p>Este workshop de introdu\u00e7\u00e3o \u00e0 pr\u00e1tica da Composi\u00e7\u00e3o em Tempo Real \u00e9 direcionado a artistas-investigadores com experi\u00eancia em improvisa\u00e7\u00e3o (em dan\u00e7a, performance ou teatro). \u00c9 aberto a qualquer pessoa mas daremos prioridade a candidaturas de quem ainda n\u00e3o tenha tido contacto com a Composi\u00e7\u00e3o em Tempo Real de Jo\u00e3o Fiadeiro.[\/vc_column_text][vc_empty_space height=&#8221;20px&#8221;][vc_btn title=&#8221;CANDIDATURA&#8221; style=&#8221;custom&#8221; custom_background=&#8221;#000000&#8243; custom_text=&#8221;#ffffff&#8221; shape=&#8221;square&#8221; css=&#8221;.vc_custom_1687525232741{padding-left: 50px !important;}&#8221; link=&#8221;url:https%3A%2F%2Fwww.forumdanca.pt%2Fctr-ws1%2F&#8221;][vc_empty_space height=&#8221;40px&#8221;][vc_column_text css=&#8221;.vc_custom_1687525222182{padding-left: 50px !important;}&#8221;]<strong>Workshop II \/ Pr\u00e1tica imersiva de Composi\u00e7\u00e3o em Tempo Real<\/strong><br \/>\n28 de Agosto a 1 de Setembro |\u00a0Participa\u00e7\u00e3o especial: M\u00e1rcia Lan\u00e7a<\/p>\n<p>Este workshop de pr\u00e1tica imersiva em Composi\u00e7\u00e3o em Tempo Real \u00e9 direcionado a artistas-investigadores com experi\u00eancia pr\u00e9via com a Composi\u00e7\u00e3o em Tempo Real de Jo\u00e3o Fiadeiro.[\/vc_column_text][vc_empty_space height=&#8221;20px&#8221;][vc_btn title=&#8221;CANDIDATURA&#8221; style=&#8221;custom&#8221; custom_background=&#8221;#000000&#8243; custom_text=&#8221;#ffffff&#8221; shape=&#8221;square&#8221; css=&#8221;.vc_custom_1687525214151{padding-left: 50px !important;}&#8221; link=&#8221;url:https%3A%2F%2Fwww.forumdanca.pt%2Fctr-ws2%2F&#8221;][\/vc_accordion_tab][vc_accordion_tab title=&#8221;(des)fiar&#8221; title_color=&#8221;#000000&#8243; background_color=&#8221;#eeeeee&#8221;][vc_column_text css=&#8221;.vc_custom_1687913563119{padding-left: 25px !important;}&#8221;]<\/p>\n<h4><strong>Grupo de Estudos da Composi\u00e7\u00e3o em Tempo Real<\/strong><\/h4>\n<p>&nbsp;<\/p>\n<p>Segundo o dicion\u00e1rio<sup>[6]<\/sup>, \u201cdesfazer-se em fios\u201d \u00e9 uma das defini\u00e7\u00f5es poss\u00edveis de &#8220;desfiar&#8221;. Tamb\u00e9m pode querer dizer \u201cexaminar, esmiu\u00e7ar\u201d ou \u201crelatar minuciosamente\u201d. J\u00e1 \u201cfiar\u201d quer dizer exactamente o contr\u00e1rio: &#8220;reduzir ou torcer qualquer mat\u00e9ria filamentosa at\u00e9 formar um fio\u201d. Tamb\u00e9m quer dizer \u201cconfiar, acreditar\u201d.<\/p>\n<p>&nbsp;<\/p>\n<p>D\u00e1-se ainda a coincid\u00eancia de \u201cfiadeiro\u201d tamb\u00e9m ter origem no termo \u201cfiar\u201d. Significa \u201chomem que tem por of\u00edcio fiar\u201d. Pode ainda referir-se \u00e0 \u201cfogueira em volta da qual se re\u00fanem as mulheres da aldeia para fiar\u201d. O facto do termo \u201cfiadeiro\u201d retratar simult\u00e2neamente um homem ou uma mulher, a figura a solo ou a experi\u00eancia do colectivo, a imagem de of\u00edcio, de aldeia e, sobretudo, de \u201cse estar \u00e0 volta de algo\u201d, atesta a justeza do termo <em><strong>(des)<\/strong><\/em><strong>fiar<\/strong> para nomear um centro de estudos em torno do corpo de trabalho de Jo\u00e3o Fiadeiro.<\/p>\n<p>&nbsp;<\/p>\n<p>Com o <em><strong>(des)<\/strong><\/em><strong>fiar<\/strong> queremos criar um lugar de encontro continuado e na dura\u00e7\u00e3o, desenvolvendo as condi\u00e7\u00f5es para a emerg\u00eancia de reflex\u00f5es cr\u00edticas no \u00e2mbito de processos de investiga\u00e7\u00e3o, tanto em torno da Composi\u00e7\u00e3o em Tempo Real como da investiga\u00e7\u00e3o art\u00edstica <em>sensu lato<\/em>. Para isso, procuraremos desenvolver plataformas p\u00fablicas regulares de partilha que n\u00e3o se enquadrem nos formatos (acad\u00e9micos ou outros) daquilo que imaginamos quando imaginamos &#8220;publicar investiga\u00e7\u00e3o&#8221;. <em><strong>(des)<\/strong><\/em><strong>fiar<\/strong> promover\u00e1 uma pr\u00e1tica de &#8220;publica\u00e7\u00f5es performativas&#8221; que n\u00e3o veja a produ\u00e7\u00e3o de conhecimento, o fazer art\u00edstico, a est\u00e9tica, o contexto ou a pol\u00edtica como canais de comunica\u00e7\u00e3o separados. O conceito de publica\u00e7\u00e3o ser\u00e1 aqui visto mais como uma extens\u00e3o do envolvimento partilhado de uma investiga\u00e7\u00e3o, e menos como uma abordagem &#8220;externa&#8221; abstracta, feita ap\u00f3s a conclus\u00e3o do processo de investiga\u00e7\u00e3o. Resumindo, o termo publica\u00e7\u00e3o ser\u00e1 aqui entendido no seu sentido literal, enquanto verbo transitivo: tornar p\u00fablico.<\/p>\n<p>&nbsp;<\/p>\n<p>O epicentro da <em><strong>(des)<\/strong><\/em><strong>fiar\u00a0<\/strong>ser\u00e1 a \u201cSala de Opera\u00e7\u00f5es\u201d (SdO), onde Jo\u00e3o Fiadeiro ter\u00e1 como principal tarefa \u201cp\u00f4r em p\u00e9\u201d o arqui(vi)vo da Composi\u00e7\u00e3o em Tempo Real a partir do seu esp\u00f3lio e acervo pessoal. Ser\u00e1 tamb\u00e9m aqui que Jo\u00e3o Fiadeiro promover\u00e1 encontros \u201cone2one\u201d com alunos e pares, pr\u00e1ticas da \u201cescala tabuleiro\u201d da Composi\u00e7\u00e3o em Tempo Real e realizar\u00e1 workshops online. Existe ainda a inten\u00e7\u00e3o de se ativar um podcast mensal, com conversas entre Jo\u00e3o Fiadeiro e artistas-investigadores que, de forma mais ou menos direta, utilizam a Composi\u00e7\u00e3o em Tempo Real enquanto ferramenta de refer\u00eancia para a sua pr\u00e1tica art\u00edstica.<\/p>\n<p>&nbsp;<\/p>\n<hr \/>\n<p><span style=\"font-size: 12px;\"><sup>[6]\u00a0<\/sup>in Dicion\u00e1rio Priberam da L\u00edngua Portuguesa [on line], 2008-2021, <span lang=\"EN-US\"><a href=\"https:\/\/dicionario.priberam.org\/fiar\"><span lang=\"PT\">https:\/\/dicionario.priberam.org\/<\/span><\/a>\u00a0<\/span>[consultado em 12-05-2023].<\/span>[\/vc_column_text][vc_empty_space height=&#8221;80px&#8221;][\/vc_accordion_tab][vc_accordion_tab title=&#8221;Outras atividades&#8221; title_color=&#8221;#000000&#8243; background_color=&#8221;#eeeeee&#8221;][vc_column_text css=&#8221;.vc_custom_1694609227142{padding-left: 25px !important;}&#8221;]<\/p>\n<h4><strong>Sess\u00f5es abertas CTR<\/strong><\/h4>\n<p>&nbsp;<\/p>\n<p>A partir de <strong>22 de setembro<\/strong>, sexta-feira, entre as 18h00 e as 20h00, teremos uma sess\u00e3o de <strong>Composi\u00e7\u00e3o em Tempo Real<\/strong> aberta \u00e0 comunidade.<\/p>\n<p>Com a facilita\u00e7\u00e3o de Jo\u00e3o Fiadeiro, M\u00e1rcia Lan\u00e7a, Cl\u00e1udia Dias, Carolina Campos e\/ou Daniel Pizamiglio.<\/p>\n<p>Estas sess\u00f5es ser\u00e3o gratuitas, ter\u00e3o um formato \u201cjam\u201d (com facilita\u00e7\u00e3o, mas sem orienta\u00e7\u00e3o) e passar\u00e3o a acontecer todas as semanas.<\/p>\n<p>Funcionar\u00e3o como plataforma de aproxima\u00e7\u00e3o a qualquer pessoa \u2013 artista ou n\u00e3o \u2013 que tenha curiosidade com esta ferramenta.<\/p>\n<p>&nbsp;<\/p>\n<p><strong>A participa\u00e7\u00e3o \u00e9 gratuita, basta aparecer! <\/strong>[\/vc_column_text][\/vc_accordion_tab][\/vc_accordion][vc_empty_space height=&#8221;80px&#8221;][vc_row_inner row_type=&#8221;row&#8221; type=&#8221;full_width&#8221; use_row_as_full_screen_section_slide=&#8221;no&#8221; text_align=&#8221;left&#8221; css_animation=&#8221;&#8221;][vc_column_inner offset=&#8221;vc_hidden-lg vc_hidden-md vc_hidden-sm vc_hidden-xs&#8221;][vc_column_text css=&#8221;.vc_custom_1688143688444{padding-left: 25px !important;}&#8221;]<\/p>\n<h4><strong>1.\u00ba encontro <em>(des)<\/em>fiar<\/strong><\/h4>\n<p>&nbsp;<\/p>\n<p><strong>Primeiro encontro de trabalho do grupo de estudos <em>(des)<\/em>fiar<\/strong><\/p>\n<p>Entre 4 e 8 de Setembro iremos organizar o primeiro encontro de trabalho do grupo de estudos <em><strong>(des)<\/strong><\/em><strong>fiar<\/strong> com um open-call circunscrito a artistas e investigadores com experi\u00eancia em Composi\u00e7\u00e3o em Tempo Real, que queiram ir mais longe (e mais fundo) no estudo desta ferramenta. A ideia \u00e9 que este primeiro encontro funcione como incubadora de ideias e propostas, onde se auscultar\u00e1 os desejos dos diversos intervenientes para, a partir das linhas de for\u00e7a identificadas, se tra\u00e7ar um esquisso da programa\u00e7\u00e3o do <em><strong>(des)<\/strong><\/em><strong>fiar<\/strong>. O objetivo deste encontro ser\u00e1 \u201cconstruir\u201d o mapa de desejos, tend\u00eancias e tenta\u00e7\u00f5es das pessoas presentes para, em conjunto, criarmos a constela\u00e7\u00e3o de equipas de trabalho que dar\u00e3o corpo ao grupo de estudos <em><strong>(des)<\/strong><\/em><strong>fiar<\/strong>.[\/vc_column_text][\/vc_column_inner][\/vc_row_inner][\/vc_column][\/vc_row][vc_row row_type=&#8221;row&#8221; use_row_as_full_screen_section=&#8221;no&#8221; type=&#8221;grid&#8221; text_align=&#8221;left&#8221; background_animation=&#8221;none&#8221; css_animation=&#8221;&#8221;][vc_column][vc_empty_space height=&#8221;40px&#8221;][vc_column_text css=&#8221;&#8221;]Image credits \u00a9 <span data-olk-copy-source=\"MessageBody\">Tina Ruisinger<\/span>[\/vc_column_text][vc_empty_space height=&#8221;80px&#8221;][\/vc_column][\/vc_row][vc_row row_type=&#8221;row&#8221; use_row_as_full_screen_section=&#8221;no&#8221; type=&#8221;full_width&#8221; text_align=&#8221;left&#8221; background_animation=&#8221;none&#8221; css_animation=&#8221;&#8221;][vc_column offset=&#8221;vc_hidden-lg vc_hidden-md vc_hidden-sm vc_hidden-xs&#8221;][vc_column_text]<\/p>\n<h3><strong>Programa\u00e7\u00e3o<\/strong><\/h3>\n<p>[\/vc_column_text][vc_empty_space height=&#8221;20px&#8221;][vc_basic_grid post_type=&#8221;post&#8221; max_items=&#8221;-1&#8243; element_width=&#8221;3&#8243; gap=&#8221;15&#8243; order=&#8221;ASC&#8221; item=&#8221;23141&#8243; initial_loading_animation=&#8221;none&#8221; grid_id=&#8221;vc_gid:1771844425798-eaa8f344-0b29-3&#8243; taxonomies=&#8221;542&#8243;][vc_empty_space height=&#8221;80px&#8221;][\/vc_column][\/vc_row]<\/p>\n<\/div>","protected":false},"excerpt":{"rendered":"<p>\u201cWhere are the black bodies dancing?\u201d by \u00c2ngela Guerreiro<\/p>\n","protected":false},"author":15,"featured_media":35254,"parent":0,"menu_order":0,"comment_status":"closed","ping_status":"closed","template":"","meta":{"footnotes":""},"class_list":["post-35245","page","type-page","status-publish","has-post-thumbnail","hentry"],"_links":{"self":[{"href":"https:\/\/www.forumdanca.pt\/en\/wp-json\/wp\/v2\/pages\/35245","targetHints":{"allow":["GET"]}}],"collection":[{"href":"https:\/\/www.forumdanca.pt\/en\/wp-json\/wp\/v2\/pages"}],"about":[{"href":"https:\/\/www.forumdanca.pt\/en\/wp-json\/wp\/v2\/types\/page"}],"author":[{"embeddable":true,"href":"https:\/\/www.forumdanca.pt\/en\/wp-json\/wp\/v2\/users\/15"}],"replies":[{"embeddable":true,"href":"https:\/\/www.forumdanca.pt\/en\/wp-json\/wp\/v2\/comments?post=35245"}],"version-history":[{"count":0,"href":"https:\/\/www.forumdanca.pt\/en\/wp-json\/wp\/v2\/pages\/35245\/revisions"}],"wp:featuredmedia":[{"embeddable":true,"href":"https:\/\/www.forumdanca.pt\/en\/wp-json\/wp\/v2\/media\/35254"}],"wp:attachment":[{"href":"https:\/\/www.forumdanca.pt\/en\/wp-json\/wp\/v2\/media?parent=35245"}],"curies":[{"name":"wp","href":"https:\/\/api.w.org\/{rel}","templated":true}]}}