{"id":26429,"date":"2020-04-16T20:15:11","date_gmt":"2020-04-16T19:15:11","guid":{"rendered":"https:\/\/www.forumdanca.pt\/espacodapenha\/"},"modified":"2024-02-08T13:00:05","modified_gmt":"2024-02-08T13:00:05","slug":"espacodapenha","status":"publish","type":"page","link":"https:\/\/www.forumdanca.pt\/en\/espacodapenha\/","title":{"rendered":"Espa\u00e7o da Penha"},"content":{"rendered":"<div class=\"wpb-content-wrapper\"><p>[vc_row row_type=&#8221;row&#8221; use_row_as_full_screen_section=&#8221;no&#8221; type=&#8221;full_width&#8221; text_align=&#8221;left&#8221; background_animation=&#8221;none&#8221; css_animation=&#8221;&#8221;][vc_column][vc_column_text]<\/p>\n<h2>Espa\u00e7o da Penha<\/h2>\n<p>[\/vc_column_text][vc_empty_space][\/vc_column][\/vc_row][vc_row row_type=&#8221;row&#8221; use_row_as_full_screen_section=&#8221;no&#8221; type=&#8221;full_width&#8221; text_align=&#8221;left&#8221; background_animation=&#8221;none&#8221; css_animation=&#8221;&#8221;][vc_column width=&#8221;2\/3&#8243;][vc_column_text]After 5 years of co-habitation in LXFactory, <strong>O Rumo do Fumo<\/strong> and <strong>Forum Dan\u00e7a<\/strong> created <strong>Espa\u00e7o da Penha<\/strong>, a place of collaboration offering greater proximity between the different artistic entities that inhabit it.<\/p>\n<p>&nbsp;<\/p>\n<p><strong>O Rumo do Fumo<\/strong> and <strong>Forum Dan\u00e7a<\/strong> are two contemporary dance structures with complementary activities &#8211; training and creation &#8211; that have been collaborating throughout their existence. The sharing of space is shows a collaboration format within the dance community and potentiates new working dynamics.<\/p>\n<p>&nbsp;<\/p>\n<p>The project <strong>Espa\u00e7o da Penha<\/strong>, at Travessa do Calado 26 B, implied several interventions to adapt and improve the space &#8211; about 1200 m2 of area, with 5 studios, 5 offices, a training and documentation center and several common areas.<\/p>\n<p>&nbsp;<\/p>\n<p>&nbsp;<\/p>\n<p>[\/vc_column_text][vc_empty_space height=&#8221;80px&#8221;][\/vc_column][vc_column width=&#8221;1\/3&#8243;][vc_single_image image=&#8221;25988&#8243; img_size=&#8221;full&#8221; qode_css_animation=&#8221;&#8221;][\/vc_column][\/vc_row][vc_row row_type=&#8221;row&#8221; use_row_as_full_screen_section=&#8221;no&#8221; type=&#8221;full_width&#8221; text_align=&#8221;left&#8221; background_animation=&#8221;none&#8221; css_animation=&#8221;&#8221;][vc_column offset=&#8221;vc_hidden-lg vc_hidden-md vc_hidden-sm vc_hidden-xs&#8221;][vc_column_text]<\/p>\n<h5>Resident artistic structures:<\/h5>\n<p>&nbsp;<\/p>\n<p>In addition to being the work center of the two structures, <strong>Espa\u00e7o da Penha<\/strong> is permanently hosting other structures and artists, such as <strong>Frame 408<\/strong> in the areas of Architecture and Urban Intervention, <strong>Valentina Desideri<\/strong> artist and academic in the area of performance, and the <strong>Colectivo Piscina<\/strong> \u2013 in which the artists M\u00e1rcia Lan\u00e7a, Carolina Campos, Leticia Skrycky, Santiago Rodr\u00edguez Tricot, Romain Beltr\u00e3o Teule, Julian Pacomio, Bibi D\u00f3ria, Bruno Brandolino, Filipe Caldeira, Daniel Pizamiglio and Adalina Anobile integrate, in the area of performance.[\/vc_column_text][vc_empty_space][\/vc_column][\/vc_row]<\/p>\n<\/div>","protected":false},"excerpt":{"rendered":"<p>[vc_row row_type=&#8221;row&#8221; use_row_as_full_screen_section=&#8221;no&#8221; type=&#8221;full_width&#8221; text_align=&#8221;left&#8221;&#8230;<\/p>\n","protected":false},"author":15,"featured_media":0,"parent":0,"menu_order":0,"comment_status":"closed","ping_status":"closed","template":"","meta":{"footnotes":""},"class_list":["post-26429","page","type-page","status-publish","hentry"],"_links":{"self":[{"href":"https:\/\/www.forumdanca.pt\/en\/wp-json\/wp\/v2\/pages\/26429","targetHints":{"allow":["GET"]}}],"collection":[{"href":"https:\/\/www.forumdanca.pt\/en\/wp-json\/wp\/v2\/pages"}],"about":[{"href":"https:\/\/www.forumdanca.pt\/en\/wp-json\/wp\/v2\/types\/page"}],"author":[{"embeddable":true,"href":"https:\/\/www.forumdanca.pt\/en\/wp-json\/wp\/v2\/users\/15"}],"replies":[{"embeddable":true,"href":"https:\/\/www.forumdanca.pt\/en\/wp-json\/wp\/v2\/comments?post=26429"}],"version-history":[{"count":0,"href":"https:\/\/www.forumdanca.pt\/en\/wp-json\/wp\/v2\/pages\/26429\/revisions"}],"wp:attachment":[{"href":"https:\/\/www.forumdanca.pt\/en\/wp-json\/wp\/v2\/media?parent=26429"}],"curies":[{"name":"wp","href":"https:\/\/api.w.org\/{rel}","templated":true}]}}