{"id":23476,"date":"2020-04-16T22:15:59","date_gmt":"2020-04-16T21:15:59","guid":{"rendered":"https:\/\/www.forumdanca.pt\/?page_id=23476"},"modified":"2026-04-30T16:44:23","modified_gmt":"2026-04-30T15:44:23","slug":"pacap","status":"publish","type":"page","link":"https:\/\/www.forumdanca.pt\/en\/pacap\/","title":{"rendered":"PACAP"},"content":{"rendered":"<div class=\"wpb-content-wrapper\"><p>[vc_row row_type=&#8221;row&#8221; use_row_as_full_screen_section=&#8221;no&#8221; type=&#8221;full_width&#8221; text_align=&#8221;left&#8221; background_animation=&#8221;none&#8221; css_animation=&#8221;&#8221;][vc_column][vc_column_text]<\/p>\n<h2>Performing Arts Advanced Programme<\/h2>\n<p>[\/vc_column_text][vc_empty_space][\/vc_column][\/vc_row][vc_row row_type=&#8221;row&#8221; use_row_as_full_screen_section=&#8221;no&#8221; type=&#8221;full_width&#8221; text_align=&#8221;left&#8221; background_animation=&#8221;none&#8221; css_animation=&#8221;&#8221;][vc_column][vc_column_text css=&#8221;&#8221;]PACAP is a creation programme geared towards students and professionals in artistic areas, who intend to invest in a period of advanced experimentation, harmonizing it with a theoretical investigation and the exercise of body and movement practices. The participants have the opportunity to develop a project, working for a certain time on a potential space of content condensation that promotes investigation, creation, and public presentation.<\/p>\n<p>&nbsp;<\/p>\n<p>The programme combines body practice classes, theoretical seminars led by artists and academics, and coaching, aiming to activate the participant\u2019s resources, feed their processes, and allow an opportunity to test methods and discover paradigms, forms of collaboration and presentation, that configure a sketch of personal practice in the field of performing arts.<\/p>\n<p>&nbsp;<\/p>\n<p>Each edition of the programme has a duration of 4 to 9 months, with the curatorship of an artist of the performative field. In this model, the exercise of maturity, of autonomy, and of a sense of self questioning, are the values that will allow to guide an enlightened personal journey, based on a levelling and sharing relationship.[\/vc_column_text][vc_empty_space height=&#8221;40px&#8221;][vc_column_text]<\/p>\n<h2>Editions<\/h2>\n<p>[\/vc_column_text][vc_column_text css=&#8221;&#8221;]<strong>Completed<\/strong><\/p>\n<p>\u2022 <a href=\"https:\/\/www.forumdanca.pt\/pacap1en\/\">PACAP 1 \\\\ 2017 \u2192 2018 | Curated by Patr\u00edcia Portela<\/a><\/p>\n<p>\u2022 <a href=\"https:\/\/www.forumdanca.pt\/pacap2en\/\">PACAP 2 \\\\ 2018 \u2192 2019 | Curated by Sofia Dias &amp; V\u00edtor Roriz<\/a><\/p>\n<p>\u2022 <a href=\"https:\/\/www.forumdanca.pt\/pacap3en\/\">PACAP 3 \\\\ 2019 | Curated by V\u00e2nia Rovisco<\/a><\/p>\n<p>\u2022 <a href=\"https:\/\/www.forumdanca.pt\/pacap4en\/\">PACAP 4 \\\\ 2020 | Curated by Jo\u00e3o dos Santos Martins<\/a><\/p>\n<p>\u2022 <a href=\"https:\/\/www.forumdanca.pt\/pacap5en\/\">PACAP 5 \\\\ 2021 \u2192 2022 | Curated by Jo\u00e3o Fiadeiro<\/a><\/p>\n<p>\u2022 <a href=\"https:\/\/www.forumdanca.pt\/en\/pacap6\/\">PACAP 6 \\\\ 2023 | Curated by Sofia Dias &amp; V\u00edtor Roriz<\/a><\/p>\n<p><a href=\"https:\/\/www.forumdanca.pt\/en\/pacap7\/\">\u2022 PACAP 7 \\\\ 2024 | Curated by Miguel Pereira e Nuno Lucas<\/a><\/p>\n<p><a href=\"https:\/\/www.forumdanca.pt\/en\/pacap8\/\">\u2022 PACAP 8 \\\\ 2025 | Curated by Meg Stuart<\/a> &#8211; from February to July 2025<\/p>\n<p>&nbsp;<\/p>\n<p><strong>Present Edition<\/strong><\/p>\n<p><a href=\"https:\/\/www.forumdanca.pt\/en\/?p=33572\">\u2022 PACAP 9 \\\\ 2026 | Curated by Marcelo Evelin<\/a><\/p>\n<p>&nbsp;<\/p>\n<p><strong>Next Edition<\/strong><\/p>\n<p>\u2022 PACAP X \\\\ September 2027 \u2013 April 2028 | Curated by Andr\u00e9 Lepecki &amp; Eleanora Fabi\u00e3o[\/vc_column_text][vc_empty_space height=&#8221;40px&#8221;][vc_column_text]<\/p>\n<h3>PACAP support and partnerships\u00a0throughout the several editions<\/h3>\n<p>&nbsp;<\/p>\n<p>ACCCA \u2013 Companhia Clara Andermatt, Bioino, CA-Col\u00e9gio das Artes, Carta Branca, Casa da Dan\u00e7a \u2013 Almada, Casa Fernando Pessoa, Causas Comuns, CCB \u2013 Centro Cultural de Bel\u00e9m, Coletivo Bruma \/ Piscina, Companhia Inest\u00e9tica, Companhia Inst\u00e1vel, Companhia Olga Roriz, Coffeepaste, Culturgest, EIRA, Espa\u00e7o ALKANTARA, Est\u00fadios Victor C\u00f3rdon, F\u00e1brica do Bra\u00e7o de Prata, Faculdade de Belas Artes da Universidade de Lisboa, Frame Colectivo, Funda\u00e7\u00e3o Calouste Gulbenkian, Funda\u00e7\u00e3o GDA, Galeria Monumental, Galeria ZDB, La Place de la Danse\/CDCN Toulouse, Neg\u00f3cio ZDB, O Espa\u00e7o do Tempo, O Rumo do Fumo, Prado, RE.AL- Jo\u00e3o Fiadeiro, Museu da \u00c1gua\/Reservat\u00f3rio da Patriarcal\/EPAL-Grupo de \u00c1guas de Portugal, Real Pel\u00e1gio, TBA \u2013 Teatro do Bairro Alto, TAGV \u2013 Teatro Acad\u00e9mico Gil Vicente, Teatro Viriato, P\u00f3lo Cultural Gaivotas\/Boavista.[\/vc_column_text][vc_empty_space height=&#8221;80px&#8221;][\/vc_column][\/vc_row][vc_row row_type=&#8221;row&#8221; use_row_as_full_screen_section=&#8221;no&#8221; type=&#8221;full_width&#8221; text_align=&#8221;left&#8221; background_animation=&#8221;none&#8221; css_animation=&#8221;&#8221;][vc_column][vc_column_text]<\/p>\n<h1>PACAP Editions<\/h1>\n<p>[\/vc_column_text][vc_empty_space height=&#8221;80px&#8221;][vc_basic_grid post_type=&#8221;post&#8221; max_items=&#8221;-1&#8243; element_width=&#8221;3&#8243; gap=&#8221;15&#8243; item=&#8221;22505&#8243; initial_loading_animation=&#8221;none&#8221; css=&#8221;&#8221; grid_id=&#8221;vc_gid:1777563741564-ea81e34f-ac43-3&#8243; taxonomies=&#8221;253&#8243;][vc_empty_space height=&#8221;110px&#8221;][\/vc_column][\/vc_row]<\/p>\n<\/div>","protected":false},"excerpt":{"rendered":"<p>[vc_row row_type=&#8221;row&#8221; use_row_as_full_screen_section=&#8221;no&#8221; type=&#8221;full_width&#8221; text_align=&#8221;left&#8221;&#8230;<\/p>\n","protected":false},"author":15,"featured_media":0,"parent":0,"menu_order":0,"comment_status":"closed","ping_status":"closed","template":"","meta":{"footnotes":""},"class_list":["post-23476","page","type-page","status-publish","hentry"],"_links":{"self":[{"href":"https:\/\/www.forumdanca.pt\/en\/wp-json\/wp\/v2\/pages\/23476","targetHints":{"allow":["GET"]}}],"collection":[{"href":"https:\/\/www.forumdanca.pt\/en\/wp-json\/wp\/v2\/pages"}],"about":[{"href":"https:\/\/www.forumdanca.pt\/en\/wp-json\/wp\/v2\/types\/page"}],"author":[{"embeddable":true,"href":"https:\/\/www.forumdanca.pt\/en\/wp-json\/wp\/v2\/users\/15"}],"replies":[{"embeddable":true,"href":"https:\/\/www.forumdanca.pt\/en\/wp-json\/wp\/v2\/comments?post=23476"}],"version-history":[{"count":2,"href":"https:\/\/www.forumdanca.pt\/en\/wp-json\/wp\/v2\/pages\/23476\/revisions"}],"predecessor-version":[{"id":36467,"href":"https:\/\/www.forumdanca.pt\/en\/wp-json\/wp\/v2\/pages\/23476\/revisions\/36467"}],"wp:attachment":[{"href":"https:\/\/www.forumdanca.pt\/en\/wp-json\/wp\/v2\/media?parent=23476"}],"curies":[{"name":"wp","href":"https:\/\/api.w.org\/{rel}","templated":true}]}}